{"id":8221,"date":"2024-07-23T13:09:35","date_gmt":"2024-07-23T13:09:35","guid":{"rendered":"https:\/\/moneyhillproperties.com\/privacy-policy\/"},"modified":"2025-03-06T12:59:28","modified_gmt":"2025-03-06T12:59:28","slug":"privacy-policy","status":"publish","type":"page","link":"https:\/\/moneyhillproperties.com\/pl\/privacy-policy\/","title":{"rendered":"Privacy Policy"},"content":{"rendered":"\t\t<div data-elementor-type=\"wp-page\" data-elementor-id=\"8221\" class=\"elementor elementor-8221 elementor-3\" data-elementor-post-type=\"page\">\n\t\t\t\t<div class=\"elementor-element elementor-element-2574ead9 e-flex e-con-boxed e-con e-parent\" data-id=\"2574ead9\" data-element_type=\"container\" data-settings=\"{&quot;tc_container_background_parallax&quot;:&quot;no&quot;,&quot;tcg_advanced_hover&quot;:&quot;no&quot;,&quot;tc_dark_mode_responsive_hide_in_dark&quot;:&quot;no&quot;,&quot;tc_dark_mode_responsive_hide_in_light&quot;:&quot;no&quot;}\">\n\t\t\t\t\t<div class=\"e-con-inner\">\n\t\t\t\t<div class=\"elementor-element elementor-element-6417b6d7 elementor-widget elementor-widget-text-editor\" data-id=\"6417b6d7\" data-element_type=\"widget\" data-settings=\"{&quot;tc_dark_mode_responsive_hide_in_dark&quot;:&quot;no&quot;,&quot;tc_dark_mode_responsive_hide_in_light&quot;:&quot;no&quot;}\" data-widget_type=\"text-editor.default\">\n\t\t\t\t<div class=\"elementor-widget-container\">\n\t\t\t\t\t\t\t\t\t\n<p>Niniejsza polityka prywatno\u015bci okre\u015bla spos\u00f3b, w jaki wykorzystujemy i chronimy wszelkie informacje, kt\u00f3re podajesz podczas korzystania z tej witryny.<\/p>\n<p><strong> MoneyHill Properties<\/strong> zobowi\u0105zuje si\u0119 do zapewnienia ochrony Twojej prywatno\u015bci. Kiedy prosimy Ci\u0119 o podanie pewnych informacji, dzi\u0119ki kt\u00f3rym mo\u017cna Ci\u0119 zidentyfikowa\u0107 podczas korzystania z tej witryny, wykorzystujemy je wy\u0142\u0105cznie zgodnie z niniejsz\u0105 polityk\u0105 prywatno\u015bci i w celu udzielenia Ci pomocy w zapytaniach. <\/p>\n<p><strong>MoneyHill Properties<\/strong> mo\u017ce od czasu do czasu zmienia\u0107 t\u0119 polityk\u0119, aktualizuj\u0105c t\u0119 stron\u0119. Powiniene\u015b od czasu do czasu sprawdza\u0107 t\u0119 stron\u0119, aby upewni\u0107 si\u0119, \u017ce jeste\u015b zadowolony ze zmian. <\/p>\n<h2><strong>Gromadzenie danych<\/strong><\/h2>\n<p>Mo\u017cemy poprosi\u0107 Ci\u0119 o podanie nast\u0119puj\u0105cych informacji:<\/p>\n<p>Imi\u0119, adres e-mail i numer telefonu.<\/p>\n<p>Co robimy z zebranymi informacjami:<\/p>\n<p>Gromadzimy i przechowujemy te informacje, aby lepiej zrozumie\u0107 Twoje potrzeby dotycz\u0105ce naszych produkt\u00f3w i us\u0142ug.<\/p>\n<h2><strong>Bezpiecze\u0144stwo danych<\/strong><\/h2>\n<p>W <strong>MoneyHill Properties <\/strong>zobowi\u0105zujemy si\u0119 do zapewnienia bezpiecze\u0144stwa Twoich informacji. Aby zapobiec nieautoryzowanemu dost\u0119powi lub ujawnieniu, wdro\u017cyli\u015bmy odpowiednie procedury fizyczne, elektroniczne i elektroniczne w celu ochrony i zabezpieczenia informacji, kt\u00f3re zbieramy online. <\/p>\n<h2><strong>Pliki cookie<\/strong><\/h2>\n<p>Plik cookie to ma\u0142y plik, kt\u00f3ry prosi o pozwolenie na umieszczenie go na dysku twardym komputera. Po wyra\u017ceniu zgody plik jest dodawany, a plik cookie pomaga analizowa\u0107 ruch w sieci lub informuje Ci\u0119, kiedy odwiedzasz okre\u015blon\u0105 witryn\u0119. Pliki cookie pozwalaj\u0105 aplikacjom internetowym reagowa\u0107 na Ciebie jako na osob\u0119. Aplikacja internetowa mo\u017ce dostosowywa\u0107 swoje dzia\u0142anie do Twoich potrzeb, upodoba\u0144 i niech\u0119ci, gromadz\u0105c i zapami\u0119tuj\u0105c informacje o Twoich preferencjach.   <\/p>\n<p>Obecnie stosujemy polityk\u0119 \u201edomniemanej zgody\u201d, co oznacza, \u017ce zak\u0142adamy, \u017ce jeste\u015b zadowolony z naszego u\u017cywania plik\u00f3w cookie. Je\u015bli nie jeste\u015b zadowolony, nie powiniene\u015b korzysta\u0107 z tej witryny lub powiniene\u015b usun\u0105\u0107 nasze pliki cookie po odwiedzeniu witryny lub powiniene\u015b przegl\u0105da\u0107 witryn\u0119, korzystaj\u0105c z ustawienia anonimowego u\u017cytkowania przegl\u0105darki (nazywanego \u201eIncognito\u201d w Chrome, \u201eInPrivate\u201d w Internet Explorer, \u201ePrivate Browsing\u201d w Firefox i Safari itp.) <\/p>\n<h2><strong>Przyciski spo\u0142eczno\u015bciowe<\/strong><\/h2>\n<p>Na wielu stronach <strong>MoneyHill Properties<\/strong> zobaczysz \u201eprzyciski spo\u0142eczno\u015bciowe\u201d. Umo\u017cliwiaj\u0105 one u\u017cytkownikom udost\u0119pnianie lub dodawanie stron internetowych do zak\u0142adek. Obecnie istniej\u0105 przyciski dla Facebooka i Instagrama, a w przysz\u0142o\u015bci b\u0119d\u0105 dost\u0119pne dla Twittera, LinkedIn, Google+, a tak\u017ce odpowiednich medi\u00f3w spo\u0142eczno\u015bciowych do \u201eudost\u0119pniania\u201d tre\u015bci z naszej witryny. Aby wdro\u017cy\u0107 te przyciski i po\u0142\u0105czy\u0107 je z odpowiednimi sieciami spo\u0142eczno\u015bciowymi i witrynami zewn\u0119trznymi, istniej\u0105 skrypty z domen spoza moneyhillproperties.com. Powiniene\u015b wiedzie\u0107, \u017ce te witryny prawdopodobnie zbieraj\u0105 informacje o tym, co robisz w ca\u0142ym Internecie, w tym na moneyhillproperties.com. Dlatego je\u015bli klikniesz kt\u00f3rykolwiek z tych przycisk\u00f3w, witryny te zarejestruj\u0105 t\u0119 czynno\u015b\u0107 i mog\u0105 wykorzysta\u0107 te informacje. Mo\u017cemy r\u00f3wnie\u017c wy\u015bwietla\u0107 filmy pochodz\u0105ce z zewn\u0119trznych us\u0142ug internetowych.      <\/p>\n<h2><strong>\u015aledzenie wiadomo\u015bci e-mail<\/strong><\/h2>\n<p>Niekt\u00f3re wiadomo\u015bci e-mail, kt\u00f3re Ci wysy\u0142amy, nie maj\u0105 w og\u00f3le \u015bledzenia, na przyk\u0142ad korespondencja osobista lub wiadomo\u015bci e-mail z za\u0142\u0105czonymi fakturami. Inne wysy\u0142ane przez nas wiadomo\u015bci e-mail s\u0105 \u015bledzone, aby\u015bmy mogli okre\u015bli\u0107, jaki ruch te wiadomo\u015bci e-mail wysy\u0142aj\u0105 do naszej witryny, a tak\u017ce mo\u017cemy \u015bledzi\u0107 na poziomie indywidualnym, czy u\u017cytkownik otworzy\u0142 i klikn\u0105\u0142 wiadomo\u015b\u0107 e-mail. Rzadko u\u017cywamy tych ostatnich informacji na poziomie osobistym, raczej u\u017cywamy ich do zrozumienia wska\u017anik\u00f3w otwar\u0107 i klikni\u0119\u0107 w naszych wiadomo\u015bciach e-mail, aby spr\u00f3bowa\u0107 je ulepszy\u0107. Je\u015bli chcesz mie\u0107 pewno\u015b\u0107, \u017ce \u017cadna z Twoich dzia\u0142a\u0144 zwi\u0105zanych z wiadomo\u015bciami e-mail nie jest \u015bledzona, powiniene\u015b zrezygnowa\u0107 z subskrypcji listy e-mail moneyhillproperties.com.   <\/p>\n<h2><strong>Kontrolowanie Twoich danych osobowych<\/strong><\/h2>\n<p>Mo\u017cesz ograniczy\u0107 gromadzenie lub wykorzystywanie swoich danych osobowych w nast\u0119puj\u0105cy spos\u00f3b:<\/p>\n<ul>\n<li>Je\u015bli wcze\u015bniej wyrazi\u0142e\u015b zgod\u0119 na wykorzystywanie przez nas Twoich danych osobowych do cel\u00f3w marketingu bezpo\u015bredniego, mo\u017cesz zmieni\u0107 zdanie w dowolnym momencie, pisz\u0105c do nas lub wysy\u0142aj\u0105c wiadomo\u015b\u0107 e-mail na adres <strong><a href=\"mailto:info@moneyhillproperties.com\">info@moneyhillproperties.com<\/a><a href=\"mailto:info@moneyhillproperties.com.\">.<\/a><\/strong><\/li>\n<li>Nie b\u0119dziemy sprzedawa\u0107, rozpowszechnia\u0107 ani dzier\u017cawi\u0107 Twoich danych osobowych osobom trzecim, chyba \u017ce uzyskamy Twoj\u0105 zgod\u0119 lub b\u0119dziemy do tego zobowi\u0105zani przez prawo. Mo\u017cemy wykorzystywa\u0107 Twoje dane osobowe do przesy\u0142ania Ci informacji promocyjnych o osobach trzecich, kt\u00f3re naszym zdaniem mog\u0105 Ci\u0119 zainteresowa\u0107, je\u015bli powiesz nam, \u017ce chcesz, aby tak si\u0119 sta\u0142o. <\/li>\n<li>Mo\u017cesz poprosi\u0107 o szczeg\u00f3\u0142y danych osobowych, kt\u00f3re przechowujemy na Tw\u00f3j temat, zgodnie z og\u00f3lnym rozporz\u0105dzeniem o ochronie danych (RODO).<\/li>\n<\/ul>\n<p>Je\u015bli uwa\u017casz, \u017ce jakiekolwiek informacje, kt\u00f3re przechowujemy na Tw\u00f3j temat, s\u0105 nieprawid\u0142owe lub niekompletne, napisz do nas lub wy\u015blij wiadomo\u015b\u0107 e-mail tak szybko, jak to mo\u017cliwe, na adres <strong><a href=\"mailto:info@moneyhillproperties.com\">info@moneyhillproperties.com<\/a><a href=\"mailto:info@moneyhillproperties.com.\">.<\/a><\/strong> Niezw\u0142ocznie poprawimy wszelkie informacje, kt\u00f3re oka\u017c\u0105 si\u0119 nieprawid\u0142owe.<\/p>\n<h2><strong>Zastrze\u017cenie<\/strong><\/h2>\n<p>Materia\u0142y na naszej stronie s\u0105 udost\u0119pniane wy\u0142\u0105cznie w celach informacyjnych i nie stanowi\u0105 profesjonalnej porady. Bior\u0105c pod uwag\u0119, \u017ce Internet korzysta z otwartego systemu, nie mo\u017cemy zagwarantowa\u0107, \u017ce strona i pliki do pobrania dotr\u0105 do Ciebie wolne od wirus\u00f3w. Musisz zatem podj\u0105\u0107 wszelkie odpowiednie \u015brodki ostro\u017cno\u015bci dla w\u0142asnego bezpiecze\u0144stwa.  <\/p>\n<p> <\/p>\t\t\t\t\t\t\t\t<\/div>\n\t\t\t\t<\/div>\n\t\t\t\t\t<\/div>\n\t\t\t\t<\/div>\n\t\t\t\t<\/div>\n\t\t","protected":false},"excerpt":{"rendered":"<p>Niniejsza polityka prywatno\u015bci okre\u015bla spos\u00f3b, w jaki wykorzystujemy i chronimy wszelkie informacje, kt\u00f3re podajesz podczas korzystania z tej witryny. MoneyHill Properties zobowi\u0105zuje si\u0119 do zapewnienia ochrony Twojej prywatno\u015bci. Kiedy prosimy Ci\u0119 o podanie pewnych informacji, dzi\u0119ki kt\u00f3rym mo\u017cna Ci\u0119 zidentyfikowa\u0107 podczas korzystania z tej witryny, wykorzystujemy je wy\u0142\u0105cznie zgodnie z niniejsz\u0105 polityk\u0105 prywatno\u015bci i w celu udzielenia Ci pomocy w &hellip;<\/p>\n","protected":false},"author":1,"featured_media":0,"parent":0,"menu_order":0,"comment_status":"closed","ping_status":"closed","template":"blank-builder.php","meta":{"footnotes":""},"class_list":["post-8221","page","type-page","status-publish","hentry"],"yoast_head":"<!-- This site is optimized with the Yoast SEO plugin v25.5 - https:\/\/yoast.com\/wordpress\/plugins\/seo\/ -->\n<title>Privacy Policy - MoneyHill<\/title>\n<meta name=\"robots\" content=\"index, follow, max-snippet:-1, max-image-preview:large, max-video-preview:-1\" \/>\n<link rel=\"canonical\" href=\"https:\/\/moneyhillproperties.com\/pl\/privacy-policy\/\" \/>\n<meta property=\"og:locale\" content=\"pl_PL\" \/>\n<meta property=\"og:type\" content=\"article\" \/>\n<meta property=\"og:title\" content=\"Privacy Policy - MoneyHill\" \/>\n<meta property=\"og:description\" content=\"Niniejsza polityka prywatno\u015bci okre\u015bla spos\u00f3b, w jaki wykorzystujemy i chronimy wszelkie informacje, kt\u00f3re podajesz podczas korzystania z tej witryny. MoneyHill Properties zobowi\u0105zuje si\u0119 do zapewnienia ochrony Twojej prywatno\u015bci. Kiedy prosimy Ci\u0119 o podanie pewnych informacji, dzi\u0119ki kt\u00f3rym mo\u017cna Ci\u0119 zidentyfikowa\u0107 podczas korzystania z tej witryny, wykorzystujemy je wy\u0142\u0105cznie zgodnie z niniejsz\u0105 polityk\u0105 prywatno\u015bci i w celu udzielenia Ci pomocy w &hellip;\" \/>\n<meta property=\"og:url\" content=\"https:\/\/moneyhillproperties.com\/pl\/privacy-policy\/\" \/>\n<meta property=\"og:site_name\" content=\"MoneyHill\" \/>\n<meta property=\"article:modified_time\" content=\"2025-03-06T12:59:28+00:00\" \/>\n<meta name=\"twitter:card\" content=\"summary_large_image\" \/>\n<meta name=\"twitter:label1\" content=\"Szacowany czas czytania\" \/>\n\t<meta name=\"twitter:data1\" content=\"4 minuty\" \/>\n<script type=\"application\/ld+json\" class=\"yoast-schema-graph\">{\"@context\":\"https:\/\/schema.org\",\"@graph\":[{\"@type\":\"WebPage\",\"@id\":\"https:\/\/moneyhillproperties.com\/pl\/privacy-policy\/\",\"url\":\"https:\/\/moneyhillproperties.com\/pl\/privacy-policy\/\",\"name\":\"Privacy Policy - MoneyHill\",\"isPartOf\":{\"@id\":\"https:\/\/moneyhillproperties.com\/pl\/#website\"},\"datePublished\":\"2024-07-23T13:09:35+00:00\",\"dateModified\":\"2025-03-06T12:59:28+00:00\",\"breadcrumb\":{\"@id\":\"https:\/\/moneyhillproperties.com\/pl\/privacy-policy\/#breadcrumb\"},\"inLanguage\":\"pl-PL\",\"potentialAction\":[{\"@type\":\"ReadAction\",\"target\":[\"https:\/\/moneyhillproperties.com\/pl\/privacy-policy\/\"]}]},{\"@type\":\"BreadcrumbList\",\"@id\":\"https:\/\/moneyhillproperties.com\/pl\/privacy-policy\/#breadcrumb\",\"itemListElement\":[{\"@type\":\"ListItem\",\"position\":1,\"name\":\"Home\",\"item\":\"https:\/\/moneyhillproperties.com\/pl\/\"},{\"@type\":\"ListItem\",\"position\":2,\"name\":\"Privacy Policy\"}]},{\"@type\":\"WebSite\",\"@id\":\"https:\/\/moneyhillproperties.com\/pl\/#website\",\"url\":\"https:\/\/moneyhillproperties.com\/pl\/\",\"name\":\"MoneyHill\",\"description\":\"MoneyHill\",\"publisher\":{\"@id\":\"https:\/\/moneyhillproperties.com\/pl\/#organization\"},\"potentialAction\":[{\"@type\":\"SearchAction\",\"target\":{\"@type\":\"EntryPoint\",\"urlTemplate\":\"https:\/\/moneyhillproperties.com\/pl\/?s={search_term_string}\"},\"query-input\":{\"@type\":\"PropertyValueSpecification\",\"valueRequired\":true,\"valueName\":\"search_term_string\"}}],\"inLanguage\":\"pl-PL\"},{\"@type\":\"Organization\",\"@id\":\"https:\/\/moneyhillproperties.com\/pl\/#organization\",\"name\":\"MoneyHill\",\"url\":\"https:\/\/moneyhillproperties.com\/pl\/\",\"logo\":{\"@type\":\"ImageObject\",\"inLanguage\":\"pl-PL\",\"@id\":\"https:\/\/moneyhillproperties.com\/pl\/#\/schema\/logo\/image\/\",\"url\":\"https:\/\/moneyhillproperties.com\/wp-content\/uploads\/2024\/08\/moneyhill_logo.webp\",\"contentUrl\":\"https:\/\/moneyhillproperties.com\/wp-content\/uploads\/2024\/08\/moneyhill_logo.webp\",\"width\":148,\"height\":29,\"caption\":\"MoneyHill\"},\"image\":{\"@id\":\"https:\/\/moneyhillproperties.com\/pl\/#\/schema\/logo\/image\/\"}}]}<\/script>\n<!-- \/ Yoast SEO plugin. -->","yoast_head_json":{"title":"Privacy Policy - MoneyHill","robots":{"index":"index","follow":"follow","max-snippet":"max-snippet:-1","max-image-preview":"max-image-preview:large","max-video-preview":"max-video-preview:-1"},"canonical":"https:\/\/moneyhillproperties.com\/pl\/privacy-policy\/","og_locale":"pl_PL","og_type":"article","og_title":"Privacy Policy - MoneyHill","og_description":"Niniejsza polityka prywatno\u015bci okre\u015bla spos\u00f3b, w jaki wykorzystujemy i chronimy wszelkie informacje, kt\u00f3re podajesz podczas korzystania z tej witryny. MoneyHill Properties zobowi\u0105zuje si\u0119 do zapewnienia ochrony Twojej prywatno\u015bci. Kiedy prosimy Ci\u0119 o podanie pewnych informacji, dzi\u0119ki kt\u00f3rym mo\u017cna Ci\u0119 zidentyfikowa\u0107 podczas korzystania z tej witryny, wykorzystujemy je wy\u0142\u0105cznie zgodnie z niniejsz\u0105 polityk\u0105 prywatno\u015bci i w celu udzielenia Ci pomocy w &hellip;","og_url":"https:\/\/moneyhillproperties.com\/pl\/privacy-policy\/","og_site_name":"MoneyHill","article_modified_time":"2025-03-06T12:59:28+00:00","twitter_card":"summary_large_image","twitter_misc":{"Szacowany czas czytania":"4 minuty"},"schema":{"@context":"https:\/\/schema.org","@graph":[{"@type":"WebPage","@id":"https:\/\/moneyhillproperties.com\/pl\/privacy-policy\/","url":"https:\/\/moneyhillproperties.com\/pl\/privacy-policy\/","name":"Privacy Policy - MoneyHill","isPartOf":{"@id":"https:\/\/moneyhillproperties.com\/pl\/#website"},"datePublished":"2024-07-23T13:09:35+00:00","dateModified":"2025-03-06T12:59:28+00:00","breadcrumb":{"@id":"https:\/\/moneyhillproperties.com\/pl\/privacy-policy\/#breadcrumb"},"inLanguage":"pl-PL","potentialAction":[{"@type":"ReadAction","target":["https:\/\/moneyhillproperties.com\/pl\/privacy-policy\/"]}]},{"@type":"BreadcrumbList","@id":"https:\/\/moneyhillproperties.com\/pl\/privacy-policy\/#breadcrumb","itemListElement":[{"@type":"ListItem","position":1,"name":"Home","item":"https:\/\/moneyhillproperties.com\/pl\/"},{"@type":"ListItem","position":2,"name":"Privacy Policy"}]},{"@type":"WebSite","@id":"https:\/\/moneyhillproperties.com\/pl\/#website","url":"https:\/\/moneyhillproperties.com\/pl\/","name":"MoneyHill","description":"MoneyHill","publisher":{"@id":"https:\/\/moneyhillproperties.com\/pl\/#organization"},"potentialAction":[{"@type":"SearchAction","target":{"@type":"EntryPoint","urlTemplate":"https:\/\/moneyhillproperties.com\/pl\/?s={search_term_string}"},"query-input":{"@type":"PropertyValueSpecification","valueRequired":true,"valueName":"search_term_string"}}],"inLanguage":"pl-PL"},{"@type":"Organization","@id":"https:\/\/moneyhillproperties.com\/pl\/#organization","name":"MoneyHill","url":"https:\/\/moneyhillproperties.com\/pl\/","logo":{"@type":"ImageObject","inLanguage":"pl-PL","@id":"https:\/\/moneyhillproperties.com\/pl\/#\/schema\/logo\/image\/","url":"https:\/\/moneyhillproperties.com\/wp-content\/uploads\/2024\/08\/moneyhill_logo.webp","contentUrl":"https:\/\/moneyhillproperties.com\/wp-content\/uploads\/2024\/08\/moneyhill_logo.webp","width":148,"height":29,"caption":"MoneyHill"},"image":{"@id":"https:\/\/moneyhillproperties.com\/pl\/#\/schema\/logo\/image\/"}}]}},"_links":{"self":[{"href":"https:\/\/moneyhillproperties.com\/pl\/wp-json\/wp\/v2\/pages\/8221","targetHints":{"allow":["GET"]}}],"collection":[{"href":"https:\/\/moneyhillproperties.com\/pl\/wp-json\/wp\/v2\/pages"}],"about":[{"href":"https:\/\/moneyhillproperties.com\/pl\/wp-json\/wp\/v2\/types\/page"}],"author":[{"embeddable":true,"href":"https:\/\/moneyhillproperties.com\/pl\/wp-json\/wp\/v2\/users\/1"}],"replies":[{"embeddable":true,"href":"https:\/\/moneyhillproperties.com\/pl\/wp-json\/wp\/v2\/comments?post=8221"}],"version-history":[{"count":3,"href":"https:\/\/moneyhillproperties.com\/pl\/wp-json\/wp\/v2\/pages\/8221\/revisions"}],"predecessor-version":[{"id":8224,"href":"https:\/\/moneyhillproperties.com\/pl\/wp-json\/wp\/v2\/pages\/8221\/revisions\/8224"}],"wp:attachment":[{"href":"https:\/\/moneyhillproperties.com\/pl\/wp-json\/wp\/v2\/media?parent=8221"}],"curies":[{"name":"wp","href":"https:\/\/api.w.org\/{rel}","templated":true}]}}